{"id":559,"date":"2024-04-02T19:08:16","date_gmt":"2024-04-02T17:08:16","guid":{"rendered":"http:\/\/mores.cat\/politica-de-cookies\/"},"modified":"2024-09-13T11:30:02","modified_gmt":"2024-09-13T09:30:02","slug":"politica-de-cookies","status":"publish","type":"page","link":"https:\/\/mores.cat\/es\/politica-de-cookies\/","title":{"rendered":"Pol\u00edtica de cookies"},"content":{"rendered":"<p><strong>\u00bfQu\u00e9 son las galletas?<\/strong><\/p>\n<p>Este sitio web utiliza cookies y\/o tecnolog\u00edas similares que almacenan y recuperan informaci\u00f3n al navegar. En general, estas tecnolog\u00edas pueden servir para finalidades muy diversas, como reconocerlo como usuario, obtener informaci\u00f3n sobre sus h\u00e1bitos de navegaci\u00f3n, o personalizar la forma en que se muestra el contenido. Los usos concretos que hacemos de estas tecnolog\u00edas se describen a continuaci\u00f3n.<\/p>\n<p>&nbsp;<\/p>\n<p><strong>\u00bfPor qu\u00e9 utiliza las cookies esta p\u00e1gina web?<\/strong><\/p>\n<p>Esta p\u00e1gina web utiliza las cookies para una serie de finalidades, incluidas:<\/p>\n<p>T\u00e9cnicas: facilitan la navegaci\u00f3n por el sitio web y guardan sus preferencias de ajuste de cookies para que no tengamos que preguntarnos cada vez que nos visita.<br \/>\nDe an\u00e1lisis: son aquellas que, tratadas por nosotros o por terceros, nos permiten cuantificar el n\u00famero de usuarios y as\u00ed realizar la medici\u00f3n y el an\u00e1lisis estad\u00edstico de la utilizaci\u00f3n que hacen los usuarios del servicio ofrecido. Por eso se analiza su navegaci\u00f3n en nuestra p\u00e1gina web para mejorar la oferta de productos o servicios que le ofrecemos.<br \/>\nPublicitarias comportamentales: son aquellas que, tratadas por nosotros o por terceros, permiten analizar sus h\u00e1bitos de navegaci\u00f3n en Internet para mostrar publicidad relacionada con su perfil de navegaci\u00f3n.<\/p>\n<p>&nbsp;<\/p>\n<p><strong>\u00bfC\u00f3mo puedo desactivar o eliminar estas cookies?<\/strong><\/p>\n<p>Puede permitir o bloquear las cookies, as\u00ed como borrar sus datos de navegaci\u00f3n (incluidas las cookies) desde el navegador que usted utiliza. Consulte las opciones e instrucciones que ofrece su navegador. Tenga en cuenta que, si acepta las cookies de terceros, tendr\u00e1 que eliminarlas desde las opciones del navegador.<\/p>\n<p>A continuaci\u00f3n, tiene disponibles los enlaces con la informaci\u00f3n para gestionar las cookies de los navegadores m\u00e1s utilizados:<\/p>\n<p>Firefox: <a href=\"https:\/\/support.mozilla.org\/es\/kb\/habilitar-y-deshabilitar-cookies-que-los-sitios-web\">https:\/\/support.mozilla.org\/es\/kb\/habilitar-y-deshabilitar-cookies-que-los-sitios-web<\/a><br \/>\nChrome: <a href=\"https:\/\/support.google.com\/chrome\/bin\/answer.py?hl=ca&amp;answer=95647\">https:\/\/support.google.com\/chrome\/bin\/answer.py?hl=ca&amp;answer=95647<\/a><br \/>\nInternet Explorer: <a href=\"https:\/\/support.microsoft.com\/es-ca\/help\/278835\/how-to-delete-cookie-files-in-internet-explorer\">https:\/\/support.microsoft.com\/es-ca\/help\/278835\/how-to-delete-cookie-files-in-internet-explorer<\/a><br \/>\nMicrosoft Edge: <a href=\"https:\/\/support.microsoft.com\/es-es\/help\/4027947\/microsoft-edge-delete-cookies\">https:\/\/support.microsoft.com\/es-es\/help\/4027947\/microsoft-edge-delete-cookies<\/a><br \/>\nSafari: <a href=\"https:\/\/support.apple.com\/kb\/ph5042\">https:\/\/support.apple.com\/kb\/ph5042<\/a><br \/>\nOpera: <a href=\"https:\/\/help.opera.com\/Windows\/11.50\/ca-ES\/cookies.html\">https:\/\/help.opera.com\/Windows\/11.50\/ca-ES\/cookies.html<\/a><br \/>\nOtros navegadores: consulte la documentaci\u00f3n del navegador que tenga instalado.<\/p>\n<p>&nbsp;<\/p>\n<p><strong>Complemento de inhabilitaci\u00f3n para navegadores de Google Analytics<\/strong><br \/>\nSi desea rechazar las cookies anal\u00edticas de Google Analytics en todos los navegadores, de modo que no se env\u00ede informaci\u00f3n suya a Google Analytics, puede descargar un complemento que realiza esta funci\u00f3n desde este enlace: https:\/\/tools.google.com \/dlpage\/ gaoptout<\/p>\n<p><strong>Ejercicio de derechos<\/strong><br \/>\nPuede conocer y ejercer sus derechos en materia de protecci\u00f3n de datos accediendo a nuestra Pol\u00edtica de Privacidad.<\/p>\n","protected":false},"excerpt":{"rendered":"<p>\u00bfQu\u00e9 son las galletas? Este sitio web utiliza cookies y\/o tecnolog\u00edas similares que almacenan y recuperan informaci\u00f3n al navegar. En general, estas tecnolog\u00edas pueden servir para finalidades muy diversas, como reconocerlo como usuario, obtener informaci\u00f3n sobre sus h\u00e1bitos de navegaci\u00f3n, o personalizar la forma en que se muestra el contenido. Los usos concretos que hacemos [&hellip;]<\/p>\n","protected":false},"author":1,"featured_media":0,"parent":0,"menu_order":7,"comment_status":"closed","ping_status":"closed","template":"page-legal.php","meta":{"_acf_changed":false,"footnotes":""},"class_list":["post-559","page","type-page","status-publish","hentry"],"acf":[],"yoast_head":"<!-- This site is optimized with the Yoast SEO plugin v23.5 - https:\/\/yoast.com\/wordpress\/plugins\/seo\/ -->\n<title>Pol\u00edtica de cookies - Mores Turisme Rural<\/title>\n<meta name=\"robots\" content=\"index, follow, max-snippet:-1, max-image-preview:large, max-video-preview:-1\" \/>\n<link rel=\"canonical\" href=\"https:\/\/mores.cat\/es\/politica-de-cookies\/\" \/>\n<meta property=\"og:locale\" content=\"es_ES\" \/>\n<meta property=\"og:type\" content=\"article\" \/>\n<meta property=\"og:title\" content=\"Pol\u00edtica de cookies - Mores Turisme Rural\" \/>\n<meta property=\"og:description\" content=\"\u00bfQu\u00e9 son las galletas? Este sitio web utiliza cookies y\/o tecnolog\u00edas similares que almacenan y recuperan informaci\u00f3n al navegar. En general, estas tecnolog\u00edas pueden servir para finalidades muy diversas, como reconocerlo como usuario, obtener informaci\u00f3n sobre sus h\u00e1bitos de navegaci\u00f3n, o personalizar la forma en que se muestra el contenido. Los usos concretos que hacemos [&hellip;]\" \/>\n<meta property=\"og:url\" content=\"https:\/\/mores.cat\/es\/politica-de-cookies\/\" \/>\n<meta property=\"og:site_name\" content=\"Mores Turisme Rural\" \/>\n<meta property=\"article:modified_time\" content=\"2024-09-13T09:30:02+00:00\" \/>\n<meta property=\"og:image\" content=\"https:\/\/mores.cat\/wp-content\/uploads\/2024\/05\/screenshot.jpg\" \/>\n\t<meta property=\"og:image:width\" content=\"1200\" \/>\n\t<meta property=\"og:image:height\" content=\"900\" \/>\n\t<meta property=\"og:image:type\" content=\"image\/jpeg\" \/>\n<meta name=\"twitter:card\" content=\"summary_large_image\" \/>\n<meta name=\"twitter:label1\" content=\"Tiempo de lectura\" \/>\n\t<meta name=\"twitter:data1\" content=\"2 minutos\" \/>\n<script type=\"application\/ld+json\" class=\"yoast-schema-graph\">{\"@context\":\"https:\/\/schema.org\",\"@graph\":[{\"@type\":\"WebPage\",\"@id\":\"https:\/\/mores.cat\/es\/politica-de-cookies\/\",\"url\":\"https:\/\/mores.cat\/es\/politica-de-cookies\/\",\"name\":\"Pol\u00edtica de cookies - Mores Turisme Rural\",\"isPartOf\":{\"@id\":\"https:\/\/mores.cat\/es\/#website\"},\"datePublished\":\"2024-04-02T17:08:16+00:00\",\"dateModified\":\"2024-09-13T09:30:02+00:00\",\"breadcrumb\":{\"@id\":\"https:\/\/mores.cat\/es\/politica-de-cookies\/#breadcrumb\"},\"inLanguage\":\"es\",\"potentialAction\":[{\"@type\":\"ReadAction\",\"target\":[\"https:\/\/mores.cat\/es\/politica-de-cookies\/\"]}]},{\"@type\":\"BreadcrumbList\",\"@id\":\"https:\/\/mores.cat\/es\/politica-de-cookies\/#breadcrumb\",\"itemListElement\":[{\"@type\":\"ListItem\",\"position\":1,\"name\":\"Inici\",\"item\":\"https:\/\/mores.cat\/es\/\"},{\"@type\":\"ListItem\",\"position\":2,\"name\":\"Pol\u00edtica de cookies\"}]},{\"@type\":\"WebSite\",\"@id\":\"https:\/\/mores.cat\/es\/#website\",\"url\":\"https:\/\/mores.cat\/es\/\",\"name\":\"Mores Turisme Rural\",\"description\":\"\",\"publisher\":{\"@id\":\"https:\/\/mores.cat\/es\/#organization\"},\"potentialAction\":[{\"@type\":\"SearchAction\",\"target\":{\"@type\":\"EntryPoint\",\"urlTemplate\":\"https:\/\/mores.cat\/es\/?s={search_term_string}\"},\"query-input\":{\"@type\":\"PropertyValueSpecification\",\"valueRequired\":true,\"valueName\":\"search_term_string\"}}],\"inLanguage\":\"es\"},{\"@type\":\"Organization\",\"@id\":\"https:\/\/mores.cat\/es\/#organization\",\"name\":\"Mores Turisme Rural\",\"url\":\"https:\/\/mores.cat\/es\/\",\"logo\":{\"@type\":\"ImageObject\",\"inLanguage\":\"es\",\"@id\":\"https:\/\/mores.cat\/es\/#\/schema\/logo\/image\/\",\"url\":\"http:\/\/mores.cat\/wp-content\/uploads\/2024\/05\/site-logo-extended.png\",\"contentUrl\":\"http:\/\/mores.cat\/wp-content\/uploads\/2024\/05\/site-logo-extended.png\",\"width\":1231,\"height\":554,\"caption\":\"Mores Turisme Rural\"},\"image\":{\"@id\":\"https:\/\/mores.cat\/es\/#\/schema\/logo\/image\/\"},\"sameAs\":[\"https:\/\/instagram.com\/moresturismerural\"]}]}<\/script>\n<!-- \/ Yoast SEO plugin. -->","yoast_head_json":{"title":"Pol\u00edtica de cookies - Mores Turisme Rural","robots":{"index":"index","follow":"follow","max-snippet":"max-snippet:-1","max-image-preview":"max-image-preview:large","max-video-preview":"max-video-preview:-1"},"canonical":"https:\/\/mores.cat\/es\/politica-de-cookies\/","og_locale":"es_ES","og_type":"article","og_title":"Pol\u00edtica de cookies - Mores Turisme Rural","og_description":"\u00bfQu\u00e9 son las galletas? Este sitio web utiliza cookies y\/o tecnolog\u00edas similares que almacenan y recuperan informaci\u00f3n al navegar. En general, estas tecnolog\u00edas pueden servir para finalidades muy diversas, como reconocerlo como usuario, obtener informaci\u00f3n sobre sus h\u00e1bitos de navegaci\u00f3n, o personalizar la forma en que se muestra el contenido. Los usos concretos que hacemos [&hellip;]","og_url":"https:\/\/mores.cat\/es\/politica-de-cookies\/","og_site_name":"Mores Turisme Rural","article_modified_time":"2024-09-13T09:30:02+00:00","og_image":[{"width":1200,"height":900,"url":"https:\/\/mores.cat\/wp-content\/uploads\/2024\/05\/screenshot.jpg","type":"image\/jpeg"}],"twitter_card":"summary_large_image","twitter_misc":{"Tiempo de lectura":"2 minutos"},"schema":{"@context":"https:\/\/schema.org","@graph":[{"@type":"WebPage","@id":"https:\/\/mores.cat\/es\/politica-de-cookies\/","url":"https:\/\/mores.cat\/es\/politica-de-cookies\/","name":"Pol\u00edtica de cookies - Mores Turisme Rural","isPartOf":{"@id":"https:\/\/mores.cat\/es\/#website"},"datePublished":"2024-04-02T17:08:16+00:00","dateModified":"2024-09-13T09:30:02+00:00","breadcrumb":{"@id":"https:\/\/mores.cat\/es\/politica-de-cookies\/#breadcrumb"},"inLanguage":"es","potentialAction":[{"@type":"ReadAction","target":["https:\/\/mores.cat\/es\/politica-de-cookies\/"]}]},{"@type":"BreadcrumbList","@id":"https:\/\/mores.cat\/es\/politica-de-cookies\/#breadcrumb","itemListElement":[{"@type":"ListItem","position":1,"name":"Inici","item":"https:\/\/mores.cat\/es\/"},{"@type":"ListItem","position":2,"name":"Pol\u00edtica de cookies"}]},{"@type":"WebSite","@id":"https:\/\/mores.cat\/es\/#website","url":"https:\/\/mores.cat\/es\/","name":"Mores Turisme Rural","description":"","publisher":{"@id":"https:\/\/mores.cat\/es\/#organization"},"potentialAction":[{"@type":"SearchAction","target":{"@type":"EntryPoint","urlTemplate":"https:\/\/mores.cat\/es\/?s={search_term_string}"},"query-input":{"@type":"PropertyValueSpecification","valueRequired":true,"valueName":"search_term_string"}}],"inLanguage":"es"},{"@type":"Organization","@id":"https:\/\/mores.cat\/es\/#organization","name":"Mores Turisme Rural","url":"https:\/\/mores.cat\/es\/","logo":{"@type":"ImageObject","inLanguage":"es","@id":"https:\/\/mores.cat\/es\/#\/schema\/logo\/image\/","url":"http:\/\/mores.cat\/wp-content\/uploads\/2024\/05\/site-logo-extended.png","contentUrl":"http:\/\/mores.cat\/wp-content\/uploads\/2024\/05\/site-logo-extended.png","width":1231,"height":554,"caption":"Mores Turisme Rural"},"image":{"@id":"https:\/\/mores.cat\/es\/#\/schema\/logo\/image\/"},"sameAs":["https:\/\/instagram.com\/moresturismerural"]}]}},"_links":{"self":[{"href":"https:\/\/mores.cat\/es\/wp-json\/wp\/v2\/pages\/559"}],"collection":[{"href":"https:\/\/mores.cat\/es\/wp-json\/wp\/v2\/pages"}],"about":[{"href":"https:\/\/mores.cat\/es\/wp-json\/wp\/v2\/types\/page"}],"author":[{"embeddable":true,"href":"https:\/\/mores.cat\/es\/wp-json\/wp\/v2\/users\/1"}],"replies":[{"embeddable":true,"href":"https:\/\/mores.cat\/es\/wp-json\/wp\/v2\/comments?post=559"}],"version-history":[{"count":2,"href":"https:\/\/mores.cat\/es\/wp-json\/wp\/v2\/pages\/559\/revisions"}],"predecessor-version":[{"id":586,"href":"https:\/\/mores.cat\/es\/wp-json\/wp\/v2\/pages\/559\/revisions\/586"}],"wp:attachment":[{"href":"https:\/\/mores.cat\/es\/wp-json\/wp\/v2\/media?parent=559"}],"curies":[{"name":"wp","href":"https:\/\/api.w.org\/{rel}","templated":true}]}}