{"id":555,"date":"2024-04-02T19:08:12","date_gmt":"2024-04-02T17:08:12","guid":{"rendered":"http:\/\/mores.cat\/politica-de-privacitat\/"},"modified":"2024-09-13T11:31:21","modified_gmt":"2024-09-13T09:31:21","slug":"politica-de-privacidad","status":"publish","type":"page","link":"https:\/\/mores.cat\/es\/politica-de-privacidad\/","title":{"rendered":"Pol\u00edtica de privacidad"},"content":{"rendered":"<p><strong>Derecho de informaci\u00f3n<\/strong><\/p>\n<p>En virtud de lo que se establece en la Ley Org\u00e1nica 15\/1999, de 13 de diciembre, sobre Protecci\u00f3n de Datos de Car\u00e1cter Personal, Mores Turisme Rural, informa al usuario de este sitio web, de la existencia de un fichero automatizado de datos personal creado por Mores Turisme Rural y bajo su responsabilidad.<\/p>\n<p>&nbsp;<\/p>\n<p><strong>Finalidad<\/strong><\/p>\n<p>Los datos de los usuarios recogidos a trav\u00e9s de nuestra web, ser\u00e1n recabados con la finalidad de ofrecerle nuestros servicios de gesti\u00f3n del programa Leader.<\/p>\n<p>&nbsp;<\/p>\n<p><strong>Veracidad de los datos<\/strong><\/p>\n<p>El usuario garantiza que los datos personales facilitados, son verdaderos y se hace responsable de comunicar cualquier modificaci\u00f3n de los mismos.<\/p>\n<p>&nbsp;<\/p>\n<p><strong>Consentimiento del usuario<\/strong><\/p>\n<p>El env\u00edo de datos personales, mediante mensajes de correo electr\u00f3nico, supone el consentimiento expreso del remitente al tratamiento automatizado de los datos incluidos en los mismos para la finalidad antes descrita, as\u00ed como para el env\u00edo de comunicaciones v\u00eda SMS, correo electr\u00f3nico y\/u otros medios de comunicaci\u00f3n electr\u00f3nica con informaci\u00f3n sobre nuestros servicios.<\/p>\n<p>&nbsp;<\/p>\n<p><strong>Derechos de acceso, rectificaci\u00f3n, oposici\u00f3n y cancelaci\u00f3n de los usuarios<\/strong><\/p>\n<p>El usuario podr\u00e1 ejercitar los derechos de acceso, rectificaci\u00f3n, oposici\u00f3n y cancelaci\u00f3n en los t\u00e9rminos previstos en la L.O.P.D. y en su normativa de desarrollo, mediante escrito y copia del DNI dirigido a Mores Turismo Rural con domicilio en Casa Mores s\/n Cambrils 25283, indicando la referencia \u201cProtecci\u00f3n de Datos\u201d.<\/p>\n","protected":false},"excerpt":{"rendered":"<p>Derecho de informaci\u00f3n En virtud de lo que se establece en la Ley Org\u00e1nica 15\/1999, de 13 de diciembre, sobre Protecci\u00f3n de Datos de Car\u00e1cter Personal, Mores Turisme Rural, informa al usuario de este sitio web, de la existencia de un fichero automatizado de datos personal creado por Mores Turisme Rural y bajo su responsabilidad. [&hellip;]<\/p>\n","protected":false},"author":1,"featured_media":0,"parent":0,"menu_order":6,"comment_status":"closed","ping_status":"closed","template":"page-legal.php","meta":{"_acf_changed":false,"footnotes":""},"class_list":["post-555","page","type-page","status-publish","hentry"],"acf":[],"yoast_head":"<!-- This site is optimized with the Yoast SEO plugin v23.5 - https:\/\/yoast.com\/wordpress\/plugins\/seo\/ -->\n<title>Pol\u00edtica de privacidad - Mores Turisme Rural<\/title>\n<meta name=\"robots\" content=\"index, follow, max-snippet:-1, max-image-preview:large, max-video-preview:-1\" \/>\n<link rel=\"canonical\" href=\"https:\/\/mores.cat\/es\/politica-de-privacidad\/\" \/>\n<meta property=\"og:locale\" content=\"es_ES\" \/>\n<meta property=\"og:type\" content=\"article\" \/>\n<meta property=\"og:title\" content=\"Pol\u00edtica de privacidad - Mores Turisme Rural\" \/>\n<meta property=\"og:description\" content=\"Derecho de informaci\u00f3n En virtud de lo que se establece en la Ley Org\u00e1nica 15\/1999, de 13 de diciembre, sobre Protecci\u00f3n de Datos de Car\u00e1cter Personal, Mores Turisme Rural, informa al usuario de este sitio web, de la existencia de un fichero automatizado de datos personal creado por Mores Turisme Rural y bajo su responsabilidad. [&hellip;]\" \/>\n<meta property=\"og:url\" content=\"https:\/\/mores.cat\/es\/politica-de-privacidad\/\" \/>\n<meta property=\"og:site_name\" content=\"Mores Turisme Rural\" \/>\n<meta property=\"article:modified_time\" content=\"2024-09-13T09:31:21+00:00\" \/>\n<meta property=\"og:image\" content=\"https:\/\/mores.cat\/wp-content\/uploads\/2024\/05\/screenshot.jpg\" \/>\n\t<meta property=\"og:image:width\" content=\"1200\" \/>\n\t<meta property=\"og:image:height\" content=\"900\" \/>\n\t<meta property=\"og:image:type\" content=\"image\/jpeg\" \/>\n<meta name=\"twitter:card\" content=\"summary_large_image\" \/>\n<meta name=\"twitter:label1\" content=\"Tiempo de lectura\" \/>\n\t<meta name=\"twitter:data1\" content=\"2 minutos\" \/>\n<script type=\"application\/ld+json\" class=\"yoast-schema-graph\">{\"@context\":\"https:\/\/schema.org\",\"@graph\":[{\"@type\":\"WebPage\",\"@id\":\"https:\/\/mores.cat\/es\/politica-de-privacidad\/\",\"url\":\"https:\/\/mores.cat\/es\/politica-de-privacidad\/\",\"name\":\"Pol\u00edtica de privacidad - Mores Turisme Rural\",\"isPartOf\":{\"@id\":\"https:\/\/mores.cat\/es\/#website\"},\"datePublished\":\"2024-04-02T17:08:12+00:00\",\"dateModified\":\"2024-09-13T09:31:21+00:00\",\"breadcrumb\":{\"@id\":\"https:\/\/mores.cat\/es\/politica-de-privacidad\/#breadcrumb\"},\"inLanguage\":\"es\",\"potentialAction\":[{\"@type\":\"ReadAction\",\"target\":[\"https:\/\/mores.cat\/es\/politica-de-privacidad\/\"]}]},{\"@type\":\"BreadcrumbList\",\"@id\":\"https:\/\/mores.cat\/es\/politica-de-privacidad\/#breadcrumb\",\"itemListElement\":[{\"@type\":\"ListItem\",\"position\":1,\"name\":\"Inici\",\"item\":\"https:\/\/mores.cat\/es\/\"},{\"@type\":\"ListItem\",\"position\":2,\"name\":\"Pol\u00edtica de privacidad\"}]},{\"@type\":\"WebSite\",\"@id\":\"https:\/\/mores.cat\/es\/#website\",\"url\":\"https:\/\/mores.cat\/es\/\",\"name\":\"Mores Turisme Rural\",\"description\":\"\",\"publisher\":{\"@id\":\"https:\/\/mores.cat\/es\/#organization\"},\"potentialAction\":[{\"@type\":\"SearchAction\",\"target\":{\"@type\":\"EntryPoint\",\"urlTemplate\":\"https:\/\/mores.cat\/es\/?s={search_term_string}\"},\"query-input\":{\"@type\":\"PropertyValueSpecification\",\"valueRequired\":true,\"valueName\":\"search_term_string\"}}],\"inLanguage\":\"es\"},{\"@type\":\"Organization\",\"@id\":\"https:\/\/mores.cat\/es\/#organization\",\"name\":\"Mores Turisme Rural\",\"url\":\"https:\/\/mores.cat\/es\/\",\"logo\":{\"@type\":\"ImageObject\",\"inLanguage\":\"es\",\"@id\":\"https:\/\/mores.cat\/es\/#\/schema\/logo\/image\/\",\"url\":\"http:\/\/mores.cat\/wp-content\/uploads\/2024\/05\/site-logo-extended.png\",\"contentUrl\":\"http:\/\/mores.cat\/wp-content\/uploads\/2024\/05\/site-logo-extended.png\",\"width\":1231,\"height\":554,\"caption\":\"Mores Turisme Rural\"},\"image\":{\"@id\":\"https:\/\/mores.cat\/es\/#\/schema\/logo\/image\/\"},\"sameAs\":[\"https:\/\/instagram.com\/moresturismerural\"]}]}<\/script>\n<!-- \/ Yoast SEO plugin. -->","yoast_head_json":{"title":"Pol\u00edtica de privacidad - Mores Turisme Rural","robots":{"index":"index","follow":"follow","max-snippet":"max-snippet:-1","max-image-preview":"max-image-preview:large","max-video-preview":"max-video-preview:-1"},"canonical":"https:\/\/mores.cat\/es\/politica-de-privacidad\/","og_locale":"es_ES","og_type":"article","og_title":"Pol\u00edtica de privacidad - Mores Turisme Rural","og_description":"Derecho de informaci\u00f3n En virtud de lo que se establece en la Ley Org\u00e1nica 15\/1999, de 13 de diciembre, sobre Protecci\u00f3n de Datos de Car\u00e1cter Personal, Mores Turisme Rural, informa al usuario de este sitio web, de la existencia de un fichero automatizado de datos personal creado por Mores Turisme Rural y bajo su responsabilidad. [&hellip;]","og_url":"https:\/\/mores.cat\/es\/politica-de-privacidad\/","og_site_name":"Mores Turisme Rural","article_modified_time":"2024-09-13T09:31:21+00:00","og_image":[{"width":1200,"height":900,"url":"https:\/\/mores.cat\/wp-content\/uploads\/2024\/05\/screenshot.jpg","type":"image\/jpeg"}],"twitter_card":"summary_large_image","twitter_misc":{"Tiempo de lectura":"2 minutos"},"schema":{"@context":"https:\/\/schema.org","@graph":[{"@type":"WebPage","@id":"https:\/\/mores.cat\/es\/politica-de-privacidad\/","url":"https:\/\/mores.cat\/es\/politica-de-privacidad\/","name":"Pol\u00edtica de privacidad - Mores Turisme Rural","isPartOf":{"@id":"https:\/\/mores.cat\/es\/#website"},"datePublished":"2024-04-02T17:08:12+00:00","dateModified":"2024-09-13T09:31:21+00:00","breadcrumb":{"@id":"https:\/\/mores.cat\/es\/politica-de-privacidad\/#breadcrumb"},"inLanguage":"es","potentialAction":[{"@type":"ReadAction","target":["https:\/\/mores.cat\/es\/politica-de-privacidad\/"]}]},{"@type":"BreadcrumbList","@id":"https:\/\/mores.cat\/es\/politica-de-privacidad\/#breadcrumb","itemListElement":[{"@type":"ListItem","position":1,"name":"Inici","item":"https:\/\/mores.cat\/es\/"},{"@type":"ListItem","position":2,"name":"Pol\u00edtica de privacidad"}]},{"@type":"WebSite","@id":"https:\/\/mores.cat\/es\/#website","url":"https:\/\/mores.cat\/es\/","name":"Mores Turisme Rural","description":"","publisher":{"@id":"https:\/\/mores.cat\/es\/#organization"},"potentialAction":[{"@type":"SearchAction","target":{"@type":"EntryPoint","urlTemplate":"https:\/\/mores.cat\/es\/?s={search_term_string}"},"query-input":{"@type":"PropertyValueSpecification","valueRequired":true,"valueName":"search_term_string"}}],"inLanguage":"es"},{"@type":"Organization","@id":"https:\/\/mores.cat\/es\/#organization","name":"Mores Turisme Rural","url":"https:\/\/mores.cat\/es\/","logo":{"@type":"ImageObject","inLanguage":"es","@id":"https:\/\/mores.cat\/es\/#\/schema\/logo\/image\/","url":"http:\/\/mores.cat\/wp-content\/uploads\/2024\/05\/site-logo-extended.png","contentUrl":"http:\/\/mores.cat\/wp-content\/uploads\/2024\/05\/site-logo-extended.png","width":1231,"height":554,"caption":"Mores Turisme Rural"},"image":{"@id":"https:\/\/mores.cat\/es\/#\/schema\/logo\/image\/"},"sameAs":["https:\/\/instagram.com\/moresturismerural"]}]}},"_links":{"self":[{"href":"https:\/\/mores.cat\/es\/wp-json\/wp\/v2\/pages\/555"}],"collection":[{"href":"https:\/\/mores.cat\/es\/wp-json\/wp\/v2\/pages"}],"about":[{"href":"https:\/\/mores.cat\/es\/wp-json\/wp\/v2\/types\/page"}],"author":[{"embeddable":true,"href":"https:\/\/mores.cat\/es\/wp-json\/wp\/v2\/users\/1"}],"replies":[{"embeddable":true,"href":"https:\/\/mores.cat\/es\/wp-json\/wp\/v2\/comments?post=555"}],"version-history":[{"count":3,"href":"https:\/\/mores.cat\/es\/wp-json\/wp\/v2\/pages\/555\/revisions"}],"predecessor-version":[{"id":589,"href":"https:\/\/mores.cat\/es\/wp-json\/wp\/v2\/pages\/555\/revisions\/589"}],"wp:attachment":[{"href":"https:\/\/mores.cat\/es\/wp-json\/wp\/v2\/media?parent=555"}],"curies":[{"name":"wp","href":"https:\/\/api.w.org\/{rel}","templated":true}]}}